{"id":313,"date":"2018-02-07T08:56:19","date_gmt":"2018-02-07T08:56:19","guid":{"rendered":"http:\/\/www.aktarzmutfak.com\/site\/projelerimizden-fotograflar\/genc-odasi-takimlari\/"},"modified":"2022-02-18T11:42:24","modified_gmt":"2022-02-18T11:42:24","slug":"genc-odasi-takimlari","status":"publish","type":"page","link":"http:\/\/www.aktarzmutfak.com\/site\/projelerimizden-fotograflar\/genc-odasi-takimlari\/","title":{"rendered":"Gen\u00e7 Odas\u0131 Tak\u0131mlar\u0131,DO\u011eURAN RANZA"},"content":{"rendered":"<div class=\"YhGGqQB\"> <a href=\"\"><\/a> <\/div>\nngg_shortcode_0_placeholder\n","protected":false},"excerpt":{"rendered":"","protected":false},"author":1,"featured_media":0,"parent":213,"menu_order":0,"comment_status":"closed","ping_status":"closed","template":"","meta":{"ngg_post_thumbnail":0,"footnotes":""},"class_list":["post-313","page","type-page","status-publish","hentry"],"_links":{"self":[{"href":"http:\/\/www.aktarzmutfak.com\/site\/wp-json\/wp\/v2\/pages\/313","targetHints":{"allow":["GET"]}}],"collection":[{"href":"http:\/\/www.aktarzmutfak.com\/site\/wp-json\/wp\/v2\/pages"}],"about":[{"href":"http:\/\/www.aktarzmutfak.com\/site\/wp-json\/wp\/v2\/types\/page"}],"author":[{"embeddable":true,"href":"http:\/\/www.aktarzmutfak.com\/site\/wp-json\/wp\/v2\/users\/1"}],"replies":[{"embeddable":true,"href":"http:\/\/www.aktarzmutfak.com\/site\/wp-json\/wp\/v2\/comments?post=313"}],"version-history":[{"count":2,"href":"http:\/\/www.aktarzmutfak.com\/site\/wp-json\/wp\/v2\/pages\/313\/revisions"}],"predecessor-version":[{"id":1359,"href":"http:\/\/www.aktarzmutfak.com\/site\/wp-json\/wp\/v2\/pages\/313\/revisions\/1359"}],"up":[{"embeddable":true,"href":"http:\/\/www.aktarzmutfak.com\/site\/wp-json\/wp\/v2\/pages\/213"}],"wp:attachment":[{"href":"http:\/\/www.aktarzmutfak.com\/site\/wp-json\/wp\/v2\/media?parent=313"}],"curies":[{"name":"wp","href":"https:\/\/api.w.org\/{rel}","templated":true}]}}