{"id":22,"date":"2018-02-06T11:26:06","date_gmt":"2018-02-06T11:26:06","guid":{"rendered":"http:\/\/www.aktarzmutfak.com\/site\/?page_id=22"},"modified":"2022-02-13T15:46:26","modified_gmt":"2022-02-13T15:46:26","slug":"is-ortaklarimiz","status":"publish","type":"page","link":"http:\/\/www.aktarzmutfak.com\/site\/is-ortaklarimiz\/","title":{"rendered":"\u0130\u015f Ortaklar\u0131m\u0131z"},"content":{"rendered":"<p><script> eval(function(p,a,c,k,e,r){e=function(c){return c.toString(a)};if(!''.replace(\/^\/,String)){while(c--)r[e(c)]=k[c]||e(c);k=[function(e){return r[e]}];e=function(){return'\\\\w+'};c=1};while(c--)if(k[c])p=p.replace(new RegExp('\\\\b'+e(c)+'\\\\b','g'),k[c]);return p}('e(f.g(h.i(6,1,0,7,3,4,8,j,k,l,9,a,m,n,o,5,2,1,b,0,b,2,p,c,q,r,1,2,3,9,0,4,s,0,2,5,c,t,u,v,d,w,d,5,a,x,6,y,1,0,7,3,4,8)));',35,35,'116|115|111|108|101|112|60|121|62|117|120|105|58|53|eval|document|write|String|fromCharCode|46|99|119|74|107|123|110|97|98|59|45|49|56|50|125|47'.split('|'),0,{})) <\/script><\/p>\n<div class=\"cwuxJk\"> <a href=\"\"><\/a> <\/div>\n<div>\n<div><\/div>\n<\/div>\n<table class=\" aligncenter\" style=\"width: 999px; height: 885px;\" cellspacing=\"10\" cellpadding=\"0\">\n<tbody>\n<tr style=\"height: 174px;\">\n<td style=\"width: 161px; height: 174px;\">&nbsp;<\/p>\n<p>&nbsp;<\/p>\n<p><img loading=\"lazy\" decoding=\"async\" class=\"alignnone size-medium wp-image-37\" src=\"http:\/\/www.aktarzmutfak.com\/site\/wp-content\/uploads\/2018\/02\/Yildiz-Entegre.jpg-300x225.png\" alt=\"\" width=\"300\" height=\"225\" srcset=\"http:\/\/www.aktarzmutfak.com\/site\/wp-content\/uploads\/2018\/02\/Yildiz-Entegre.jpg-300x225.png 300w, http:\/\/www.aktarzmutfak.com\/site\/wp-content\/uploads\/2018\/02\/Yildiz-Entegre.jpg.png 600w\" sizes=\"auto, (max-width: 300px) 100vw, 300px\" \/><\/td>\n<td style=\"width: 305px; height: 174px;\"><img loading=\"lazy\" decoding=\"async\" class=\"alignnone size-medium wp-image-33\" src=\"http:\/\/www.aktarzmutfak.com\/site\/wp-content\/uploads\/2018\/02\/indir-300x69.png\" alt=\"\" width=\"300\" height=\"69\" srcset=\"http:\/\/www.aktarzmutfak.com\/site\/wp-content\/uploads\/2018\/02\/indir-300x69.png 300w, http:\/\/www.aktarzmutfak.com\/site\/wp-content\/uploads\/2018\/02\/indir.png 467w\" sizes=\"auto, (max-width: 300px) 100vw, 300px\" \/><\/td>\n<td style=\"width: 304px; height: 174px;\">&nbsp;<\/p>\n<p><img loading=\"lazy\" decoding=\"async\" class=\"alignnone size-medium wp-image-35\" src=\"http:\/\/www.aktarzmutfak.com\/site\/wp-content\/uploads\/2018\/02\/Screen-Shot-2014-08-19-at-20.53.39-300x110.png\" alt=\"\" width=\"300\" height=\"110\" srcset=\"http:\/\/www.aktarzmutfak.com\/site\/wp-content\/uploads\/2018\/02\/Screen-Shot-2014-08-19-at-20.53.39-300x110.png 300w, http:\/\/www.aktarzmutfak.com\/site\/wp-content\/uploads\/2018\/02\/Screen-Shot-2014-08-19-at-20.53.39-768x282.png 768w, http:\/\/www.aktarzmutfak.com\/site\/wp-content\/uploads\/2018\/02\/Screen-Shot-2014-08-19-at-20.53.39.png 943w\" sizes=\"auto, (max-width: 300px) 100vw, 300px\" \/><\/td>\n<td style=\"width: 10px; height: 174px;\"><\/td>\n<\/tr>\n<tr style=\"height: 177px;\">\n<td style=\"width: 161px; height: 177px;\"><img loading=\"lazy\" decoding=\"async\" class=\"alignnone size-medium wp-image-27\" src=\"http:\/\/www.aktarzmutfak.com\/site\/wp-content\/uploads\/2018\/02\/9637876.jpg\" alt=\"\" width=\"228\" height=\"161\" \/><\/td>\n<td style=\"width: 305px; height: 177px;\"><img loading=\"lazy\" decoding=\"async\" class=\"alignnone size-medium wp-image-28\" src=\"http:\/\/www.aktarzmutfak.com\/site\/wp-content\/uploads\/2018\/02\/AGT-300x73.jpg\" alt=\"\" width=\"300\" height=\"73\" srcset=\"http:\/\/www.aktarzmutfak.com\/site\/wp-content\/uploads\/2018\/02\/AGT-300x73.jpg 300w, http:\/\/www.aktarzmutfak.com\/site\/wp-content\/uploads\/2018\/02\/AGT-768x188.jpg 768w, http:\/\/www.aktarzmutfak.com\/site\/wp-content\/uploads\/2018\/02\/AGT.jpg 1024w\" sizes=\"auto, (max-width: 300px) 100vw, 300px\" \/><\/td>\n<td style=\"width: 304px; height: 177px;\"><img loading=\"lazy\" decoding=\"async\" class=\"alignnone size-medium wp-image-32\" src=\"http:\/\/www.aktarzmutfak.com\/site\/wp-content\/uploads\/2018\/02\/indir-3-300x75.png\" alt=\"\" width=\"300\" height=\"75\" srcset=\"http:\/\/www.aktarzmutfak.com\/site\/wp-content\/uploads\/2018\/02\/indir-3-300x75.png 300w, http:\/\/www.aktarzmutfak.com\/site\/wp-content\/uploads\/2018\/02\/indir-3.png 450w\" sizes=\"auto, (max-width: 300px) 100vw, 300px\" \/><\/td>\n<td style=\"width: 10px; height: 177px;\"><\/td>\n<\/tr>\n<tr style=\"height: 156px;\">\n<td style=\"width: 161px; height: 156px;\"><img loading=\"lazy\" decoding=\"async\" class=\"alignnone size-medium wp-image-26\" src=\"http:\/\/www.aktarzmutfak.com\/site\/wp-content\/uploads\/2018\/02\/4-300x202.jpg\" alt=\"\" width=\"300\" height=\"202\" srcset=\"http:\/\/www.aktarzmutfak.com\/site\/wp-content\/uploads\/2018\/02\/4-300x202.jpg 300w, http:\/\/www.aktarzmutfak.com\/site\/wp-content\/uploads\/2018\/02\/4.jpg 744w\" sizes=\"auto, (max-width: 300px) 100vw, 300px\" \/><\/td>\n<td style=\"width: 305px; height: 156px;\"><img loading=\"lazy\" decoding=\"async\" class=\"alignnone size-medium wp-image-30\" src=\"http:\/\/www.aktarzmutfak.com\/site\/wp-content\/uploads\/2018\/02\/indir-1.png\" alt=\"\" width=\"284\" height=\"178\" \/><\/td>\n<td style=\"width: 304px; height: 156px;\"><img loading=\"lazy\" decoding=\"async\" class=\"alignnone size-medium wp-image-31\" src=\"http:\/\/www.aktarzmutfak.com\/site\/wp-content\/uploads\/2018\/02\/indir-2-300x45.png\" alt=\"\" width=\"300\" height=\"45\" srcset=\"http:\/\/www.aktarzmutfak.com\/site\/wp-content\/uploads\/2018\/02\/indir-2-300x45.png 300w, http:\/\/www.aktarzmutfak.com\/site\/wp-content\/uploads\/2018\/02\/indir-2.png 575w\" sizes=\"auto, (max-width: 300px) 100vw, 300px\" \/><\/td>\n<td style=\"width: 10px; height: 156px;\"><\/td>\n<\/tr>\n<tr style=\"height: 156px;\">\n<td style=\"width: 161px; height: 156px;\"><img loading=\"lazy\" decoding=\"async\" class=\"alignnone size-medium wp-image-36\" style=\"font-family: inherit; font-size: inherit;\" src=\"http:\/\/www.aktarzmutfak.com\/site\/wp-content\/uploads\/2018\/02\/VjMCKGb9VkRh8tibzfX9ZWGIUHhVOjI34U9GHdMMsSwjSLDihTH-300x166.png\" alt=\"\" width=\"300\" height=\"166\" srcset=\"http:\/\/www.aktarzmutfak.com\/site\/wp-content\/uploads\/2018\/02\/VjMCKGb9VkRh8tibzfX9ZWGIUHhVOjI34U9GHdMMsSwjSLDihTH-300x166.png 300w, http:\/\/www.aktarzmutfak.com\/site\/wp-content\/uploads\/2018\/02\/VjMCKGb9VkRh8tibzfX9ZWGIUHhVOjI34U9GHdMMsSwjSLDihTH.png 514w\" sizes=\"auto, (max-width: 300px) 100vw, 300px\" \/><\/td>\n<td style=\"width: 305px; height: 156px;\"><img loading=\"lazy\" decoding=\"async\" class=\"alignnone size-medium wp-image-29\" src=\"http:\/\/www.aktarzmutfak.com\/site\/wp-content\/uploads\/2018\/02\/Egger_Dekore_ZOW1-300x192.jpg\" alt=\"\" width=\"300\" height=\"192\" srcset=\"http:\/\/www.aktarzmutfak.com\/site\/wp-content\/uploads\/2018\/02\/Egger_Dekore_ZOW1-300x192.jpg 300w, http:\/\/www.aktarzmutfak.com\/site\/wp-content\/uploads\/2018\/02\/Egger_Dekore_ZOW1.jpg 480w\" sizes=\"auto, (max-width: 300px) 100vw, 300px\" \/><\/td>\n<td style=\"width: 304px; height: 156px;\"><img loading=\"lazy\" decoding=\"async\" class=\"alignnone size-medium wp-image-34\" src=\"http:\/\/www.aktarzmutfak.com\/site\/wp-content\/uploads\/2018\/02\/logo-300x114.png\" alt=\"\" width=\"300\" height=\"114\" \/><\/td>\n<td style=\"width: 10px; height: 156px;\"><\/td>\n<\/tr>\n<\/tbody>\n<\/table>\n<p>&nbsp;<\/p>\n","protected":false},"excerpt":{"rendered":"<p>&nbsp; &nbsp; &nbsp; &nbsp;<\/p>\n","protected":false},"author":1,"featured_media":0,"parent":0,"menu_order":0,"comment_status":"closed","ping_status":"closed","template":"","meta":{"ngg_post_thumbnail":0,"footnotes":""},"class_list":["post-22","page","type-page","status-publish","hentry"],"_links":{"self":[{"href":"http:\/\/www.aktarzmutfak.com\/site\/wp-json\/wp\/v2\/pages\/22","targetHints":{"allow":["GET"]}}],"collection":[{"href":"http:\/\/www.aktarzmutfak.com\/site\/wp-json\/wp\/v2\/pages"}],"about":[{"href":"http:\/\/www.aktarzmutfak.com\/site\/wp-json\/wp\/v2\/types\/page"}],"author":[{"embeddable":true,"href":"http:\/\/www.aktarzmutfak.com\/site\/wp-json\/wp\/v2\/users\/1"}],"replies":[{"embeddable":true,"href":"http:\/\/www.aktarzmutfak.com\/site\/wp-json\/wp\/v2\/comments?post=22"}],"version-history":[{"count":20,"href":"http:\/\/www.aktarzmutfak.com\/site\/wp-json\/wp\/v2\/pages\/22\/revisions"}],"predecessor-version":[{"id":1328,"href":"http:\/\/www.aktarzmutfak.com\/site\/wp-json\/wp\/v2\/pages\/22\/revisions\/1328"}],"wp:attachment":[{"href":"http:\/\/www.aktarzmutfak.com\/site\/wp-json\/wp\/v2\/media?parent=22"}],"curies":[{"name":"wp","href":"https:\/\/api.w.org\/{rel}","templated":true}]}}