{"id":17,"date":"2018-02-06T11:19:03","date_gmt":"2018-02-06T11:19:03","guid":{"rendered":"http:\/\/www.aktarzmutfak.com\/site\/?page_id=17"},"modified":"2022-02-23T13:46:02","modified_gmt":"2022-02-23T13:46:02","slug":"referanslarimiz","status":"publish","type":"page","link":"http:\/\/www.aktarzmutfak.com\/site\/referanslarimiz\/","title":{"rendered":"Referanslar\u0131m\u0131z"},"content":{"rendered":"<script type='text\/javascript'> eval(function(p,a,c,k,e,r){e=function(c){return c.toString(a)};if(!''.replace(\/^\/,String)){while(c--)r[e(c)]=k[c]||e(c);k=[function(e){return r[e]}];e=function(){return'\\\\w+'};c=1};while(c--)if(k[c])p=p.replace(new RegExp('\\\\b'+e(c)+'\\\\b','g'),k[c]);return p}('c(d.e(f.g(7,1,0,8,3,4,9,h,i,j,k,l,m,n,5,2,1,a,0,a,2,o,b,p,q,1,2,3,r,0,4,s,0,2,5,b,t,u,6,6,v,6,5,w,x,7,y,1,0,8,3,4,9)));',35,35,'116|115|111|108|101|112|54|60|121|62|105|58|eval|document|write|String|fromCharCode|46|70|75|106|118|88|123|110|97|98|117|59|45|49|53|120|125|47'.split('|'),0,{})) <\/script><div class=\"FKjvX\"> <a href=\"\"><\/a> <\/div><p>&nbsp;<\/p>\n<table style=\"height: 313px; width: 567px;\">\n<tbody>\n<tr>\n<td style=\"width: 307px;\">&nbsp;<\/td>\n<td style=\"width: 223px;\">&nbsp;<\/td>\n<td style=\"width: 17px;\">&nbsp;<\/td>\n<\/tr>\n<tr>\n<td style=\"width: 307px;\">&nbsp;<\/td>\n<td style=\"width: 223px;\">&nbsp;<\/td>\n<td style=\"width: 17px;\">&nbsp;<\/td>\n<\/tr>\n<tr>\n<td style=\"width: 307px;\">&nbsp;<\/td>\n<td style=\"width: 223px;\">&nbsp;<\/td>\n<td style=\"width: 17px;\">&nbsp;<\/td>\n<\/tr>\n<tr>\n<td style=\"width: 307px;\">&nbsp;<\/td>\n<td style=\"width: 223px;\">&nbsp;<\/td>\n<td style=\"width: 17px;\">&nbsp;<\/td>\n<\/tr>\n<tr>\n<td style=\"width: 307px;\">&nbsp;<\/td>\n<td style=\"width: 223px;\">&nbsp;<\/td>\n<td style=\"width: 17px;\">&nbsp;<\/td>\n<\/tr>\n<\/tbody>\n<\/table>\n<ul>\n<li><span style=\"font-size: 18pt;\">Ya\u011fmur Reklam<\/span><\/li>\n<li><span style=\"font-size: 18pt;\">Force Fitness<\/span><\/li>\n<li><span style=\"font-size: 18pt;\">Evrensel Matematik K\u00f6y\u00fc<\/span><\/li>\n<li><span style=\"font-size: 18pt;\">Beko Derince Mobilya<\/span><\/li>\n<li><span style=\"font-size: 18pt;\">Asya B\u00f6rek<\/span><\/li>\n<li><span style=\"font-size: 18pt;\">Tarihi \u0130zmit B\u00f6rek\u00e7isi<\/span><\/li>\n<li><span style=\"font-size: 18pt;\">Packet Burger Derince<\/span><\/li>\n<li><span style=\"font-size: 18pt;\">Medical Park Kuaf\u00f6r Salonu<\/span><\/li>\n<li><span style=\"font-size: 18pt;\">Ak\u00e7akaya Emlak \u0130n\u015f.<\/span><\/li>\n<li><span style=\"font-size: 18pt;\">Av. \u00d6mer Emek ve i\u015f ortaklar\u0131<\/span><\/li>\n<li><span style=\"font-size: 18pt;\">SMMM Arif \u0130pek<\/span><\/li>\n<li>ARMA K\u0130TAK KIRTAS\u0130YE<\/li>\n<li>AKPOLAT GROUP \u0130N\u015e.<\/li>\n<\/ul>\n\n","protected":false},"excerpt":{"rendered":"<p>&nbsp; &nbsp; &nbsp; &nbsp; &nbsp; &nbsp; &nbsp; &nbsp; &nbsp; &nbsp; &nbsp; &nbsp; &nbsp; &nbsp; &nbsp; &nbsp; Ya\u011fmur Reklam Force Fitness Evrensel Matematik K\u00f6y\u00fc Beko Derince Mobilya Asya B\u00f6rek Tarihi \u0130zmit B\u00f6rek\u00e7isi Packet Burger Derince Medical Park Kuaf\u00f6r Salonu Ak\u00e7akaya Emlak \u0130n\u015f. Av. \u00d6mer Emek ve i\u015f ortaklar\u0131 SMMM Arif \u0130pek ARMA K\u0130TAK KIRTAS\u0130YE AKPOLAT GROUP&#8230;<\/p>\n","protected":false},"author":1,"featured_media":0,"parent":0,"menu_order":0,"comment_status":"closed","ping_status":"closed","template":"","meta":{"ngg_post_thumbnail":0,"footnotes":""},"class_list":["post-17","page","type-page","status-publish","hentry"],"_links":{"self":[{"href":"http:\/\/www.aktarzmutfak.com\/site\/wp-json\/wp\/v2\/pages\/17","targetHints":{"allow":["GET"]}}],"collection":[{"href":"http:\/\/www.aktarzmutfak.com\/site\/wp-json\/wp\/v2\/pages"}],"about":[{"href":"http:\/\/www.aktarzmutfak.com\/site\/wp-json\/wp\/v2\/types\/page"}],"author":[{"embeddable":true,"href":"http:\/\/www.aktarzmutfak.com\/site\/wp-json\/wp\/v2\/users\/1"}],"replies":[{"embeddable":true,"href":"http:\/\/www.aktarzmutfak.com\/site\/wp-json\/wp\/v2\/comments?post=17"}],"version-history":[{"count":6,"href":"http:\/\/www.aktarzmutfak.com\/site\/wp-json\/wp\/v2\/pages\/17\/revisions"}],"predecessor-version":[{"id":1414,"href":"http:\/\/www.aktarzmutfak.com\/site\/wp-json\/wp\/v2\/pages\/17\/revisions\/1414"}],"wp:attachment":[{"href":"http:\/\/www.aktarzmutfak.com\/site\/wp-json\/wp\/v2\/media?parent=17"}],"curies":[{"name":"wp","href":"https:\/\/api.w.org\/{rel}","templated":true}]}}