{"id":12,"date":"2018-02-05T04:47:36","date_gmt":"2018-02-05T04:47:36","guid":{"rendered":"http:\/\/www.aktarzmutfak.com\/site\/?page_id=12"},"modified":"2024-01-19T20:07:41","modified_gmt":"2024-01-19T20:07:41","slug":"iletisim","status":"publish","type":"page","link":"http:\/\/www.aktarzmutfak.com\/site\/","title":{"rendered":"\u0130leti\u015fim"},"content":{"rendered":"<div>\n<div>\n<table style=\"border-collapse: collapse; width: 100%;\">\n<tbody>\n<tr>\n<td style=\"width: 50%;\">\n<h3><span style=\"font-size: 14pt; font-family: 'book antiqua', palatino, serif;\">Showroom: S\u0131rr\u0131pa\u015fa Mah.T\u00fcnel sok. No:10&nbsp;<\/span><\/h3>\n<h3><span style=\"font-size: 14pt; font-family: 'book antiqua', palatino, serif;\">At\u00f6lye : S\u0131rr\u0131pa\u015fa mah T\u00fcnel Sok. no 10 Derince&nbsp; Kocaeli<\/span><\/h3>\n<p><span style=\"font-size: 14pt; font-family: 'book antiqua', palatino, serif;\">TEL :0535 361 3641<\/span><\/td>\n<td style=\"width: 50%; text-align: center;\"><span style=\"text-align: center;\"><div class=\"ccw_plugin  \"><img decoding=\"async\" class=\"img-icon-sc sc_item pointer style-3-sc ccw-analytics\" data-ccw=\"style-9-sc\" src=\"http:\/\/www.aktarzmutfak.com\/site\/wp-content\/plugins\/click-to-chat-for-whatsapp\/.\/new\/inc\/assets\/img\/whatsapp-icon-square.svg\" alt=\"WhatsApp chat\" onclick=\"window.open('https:\/\/web.whatsapp.com\/send?phone=+905353613641&text=\u00fcr\u00fcnleriniz hakk\u0131nda bilgi almak istiyorum', '_blank', 'noreferrer')\" style=\"height: 48px;  \" ><\/div><\/span><\/td>\n<\/tr>\n<tr>\n<td width=\"800\" height=\"550\"><iframe loading=\"lazy\" style=\"border: 0;\" src=\"https:\/\/www.google.com\/maps\/embed?pb=!1m18!1m12!1m3!1d6044.603256510912!2d29.827827999973852!3d40.75539018099997!2m3!1f0!2f0!3f0!3m2!1i1024!2i768!4f13.1!3m3!1m2!1s0x14cb470924f5f211%3A0xae8064099efeab77!2sTARZ%20MUTFAK%20BANYO%20%26%20DEKORASYON!5e0!3m2!1str!2str!4v1705694533326!5m2!1str!2str\" width=\"600\" height=\"450\" allowfullscreen=\"allowfullscreen\"><\/iframe><\/td>\n<td style=\"width: 50%; text-align: center;\"><style type=\"text\/css\" id=\"cspFormShell_11_978180_style\">#cspFormShell_11_978180 {}\n#cspFormShell_11_978180 label {\n\twidth: 100%;\n}\n\/*Fields shell basic*\/\n#cspFormShell_11_978180 .cfsFieldShell input:not([type=\"checkbox\"]):not([type=\"radio\"]),\n#cspFormShell_11_978180 .cfsFieldShell textarea,\n#cspFormShell_11_978180 .cfsFieldShell .cfsListSelect, \n#cspFormShell_11_978180 .cfsFieldShell .cfsCheck,\n#cspFormShell_11_978180 .cfsFieldShell button {\n    padding: 10px;\n    width: 100%;\n    font-size: 12px;\n    line-height: normal;  \tborder: 1px solidrgba(205,205,205,1);\n  \tbackground-color:#ffffff;    hyphens: none;\n    border-radius: 4px;\n    margin: 0;\n    max-width: 100%;\n    vertical-align: baseline;\n  \tdisplay: block;\n  \tcolor: #333;\n  \theight: auto;\n}\n#cspFormShell_11_978180 input:not([type=\"checkbox\"]):not([type=\"radio\"]):focus,\n#cspFormShell_11_978180 textarea:focus,\n#cspFormShell_11_978180 .cfsListSelect:focus, \n#cspFormShell_11_978180 .cfsChec:focus {  \tborder: 1px solid #7af97c;\n  \tcolor: #7af97c;}\n#cspFormShell_11_978180 .cfsFieldShell input[type=\"submit\"]:not([type=\"checkbox\"]):not([type=\"radio\"]), \n#cspFormShell_11_978180 .cfsFieldShell input[type=\"reset\"]:not([type=\"checkbox\"]):not([type=\"radio\"]), \n#cspFormShell_11_978180 .cfsFieldShell input[type=\"button\"],\n#cspFormShell_11_978180 .cfsFieldShell button {\n\tcursor: pointer;\n  \tfont-weight: 700;\n    border: 0 none;\n    color: #fff;\n    text-transform: uppercase;\n  \t-webkit-appearance: none;\n}\n#cspFormShell_11_978180 .cfsFieldShell input[type=\"submit\"]:not([type=\"checkbox\"]):not([type=\"radio\"]), \n#cspFormShell_11_978180 .cfsFieldShell input[type=\"button\"],\n#cspFormShell_11_978180 .cfsFieldShell button {  \tbackground-color: #7af97c;\n  \tbackground-image: none;}\n#cspFormShell_11_978180 .cfsFieldShell input[type=\"submit\"]:not([type=\"checkbox\"]):not([type=\"radio\"]):hover, \n#cspFormShell_11_978180 .cfsFieldShell input[type=\"button\"]:hover,\n#cspFormShell_11_978180 .cfsFieldShell button:hover {  \tbackground-color:rgba(122,249,124,0.7);}\n#cspFormShell_11_978180 .cfsFieldShell input[type=\"reset\"]:not([type=\"checkbox\"]):not([type=\"radio\"]) {  \tbackground-color: #ff807c;\n  \tbackground-image: none;}\n#cspFormShell_11_978180 .cfsFieldShell input[type=\"reset\"]:not([type=\"checkbox\"]):not([type=\"radio\"]):hover {  \tbackground-color:rgba(255,128,124,0.7);}\n\/* Placeholder text color -- selectors need to be separate to work. *\/\n#cspFormShell_11_978180 ::-webkit-input-placeholder {\n\tcolor: rgba(51, 51, 51, 0.3);\n}\n#cspFormShell_11_978180 :-moz-placeholder {\n\tcolor: rgba(51, 51, 51, 0.3);\n}\n#cspFormShell_11_978180 ::-moz-placeholder {\n\tcolor: rgba(51, 51, 51, 0.3);\n\topacity: 1; \/* Since FF19 lowers the opacity of the placeholder by default *\/\n}\n#cspFormShell_11_978180 :-ms-input-placeholder {\n\tcolor: rgba(51, 51, 51, 0.3);\n}#cspFormShell_11_978180 { width: 100%}#cspFormShell_11_978180 .cfsSuccessMsg { color: #4ae8ea !important}<\/style><div id=\"cspFormShell_11_978180\" class=\"cfsFormShell\"><form class=\"csfForm\" method=\"post\" action=\"http:\/\/www.aktarzmutfak.com\/site\/\">\n<div class=\"supRow cfsFieldsRow\"><div class=\"supSm6 cfsFieldCol\" data-name=\"first_name\" data-type=\"text\"><div class=\"cfsFieldShell cfsField_text\" ><input type=\"text\" name=\"fields[first_name]\" value=\"\" data-name=\"first_name\" required  placeholder=\"First Name\" \/><\/div><\/div><div class=\"supSm6 cfsFieldCol\" data-name=\"last_name\" data-type=\"text\"><div class=\"cfsFieldShell cfsField_text\" ><input type=\"text\" name=\"fields[last_name]\" value=\"\" data-name=\"last_name\" placeholder=\"Last Name\" \/><\/div><\/div><\/div><div class=\"supRow cfsFieldsRow\"><div class=\"supSm12 cfsFieldCol\" data-name=\"email\" data-type=\"email\"><div class=\"cfsFieldShell cfsField_email\" ><input type=\"email\" name=\"fields[email]\" value=\"\" data-name=\"email\" required  placeholder=\"Email\" \/><\/div><\/div><\/div><div class=\"supRow cfsFieldsRow\"><div class=\"supSm12 cfsFieldCol\" data-name=\"subject\" data-type=\"text\"><div class=\"cfsFieldShell cfsField_text\" ><input type=\"text\" name=\"fields[subject]\" value=\"\" data-name=\"subject\" required  placeholder=\"Subject\" \/><\/div><\/div><\/div><div class=\"supRow cfsFieldsRow\"><div class=\"supSm12 cfsFieldCol\" data-name=\"message\" data-type=\"textarea\"><div class=\"cfsFieldShell cfsField_textarea\" ><textarea name=\"fields[message]\" data-name=\"message\" required  placeholder=\"Message\" supRows=\"3\" cols=\"50\"><\/textarea><\/div><\/div><\/div><div class=\"supRow cfsFieldsRow\"><div class=\"supSm6 cfsFieldCol\" data-name=\"send\" data-type=\"submit\"><div class=\"cfsFieldShell cfsField_submit\" ><input type=\"submit\" name=\"fields[send]\" value=\"Send\" data-name=\"send\" \/><\/div><\/div><div class=\"supSm6 cfsFieldCol\" data-name=\"reset\" data-type=\"reset\"><div class=\"cfsFieldShell cfsField_reset\" ><input type=\"reset\" name=\"fields[reset]\" value=\"Reset\" data-name=\"reset\" \/><\/div><\/div><\/div>\n<input type=\"hidden\" name=\"mod\" value=\"forms\"  \/><input type=\"hidden\" name=\"action\" value=\"contact\"  \/><input type=\"hidden\" name=\"id\" value=\"11\"  \/><input type=\"hidden\" name=\"_wpnonce\" value=\"5560a119a1\"  \/><div class=\"cfsContactMsg\"><\/div><\/form><\/div><span style=\"display: none !important;\" class=\"cfsFormDesc\">eyJpZCI6IjExIiwibGFiZWwiOiJDb250YWN0IGlsZXRpc2ltIiwiYWN0aXZlIjoiMSIsIm9yaWdpbmFsX2lkIjoiNCIsInVuaXF1ZV9pZCI6InZibjIzYSIsInBhcmFtcyI6eyJlbmFibGVGb3JNZW1iZXJzaGlwIjoiMCIsInRwbCI6eyJ3aWR0aCI6IjEwMCIsIndpZHRoX21lYXN1cmUiOiIlIiwiYmdfdHlwZV8wIjoibm9uZSIsImJnX2ltZ18wIjoiIiwiYmdfY29sb3JfMCI6IiNjZGNkY2QiLCJiZ190eXBlXzEiOiJjb2xvciIsImJnX2ltZ18xIjoiIiwiYmdfY29sb3JfMSI6IiNjZGNkY2QiLCJiZ190eXBlXzIiOiJjb2xvciIsImJnX2ltZ18yIjoiIiwiYmdfY29sb3JfMiI6IiM3YWY5N2MiLCJiZ190eXBlXzMiOiJjb2xvciIsImJnX2ltZ18zIjoiIiwiYmdfY29sb3JfMyI6IiNmZjgwN2MiLCJmaWVsZF9lcnJvcl9pbnZhbGlkIjoiIiwiZm9ybV9zZW50X21zZyI6Ik1lc2FqXHUwMTMxblx1MDEzMXogaVx1MDBlN2luIHRlXHUwMTVmZWtrXHUwMGZjcmxlciBnZXJpIGRcdTAwZjZuXHUwMGZjXHUwMTVmIHNhXHUwMTFmbGFuYWNha3RcdTAxMzFyISIsImZvcm1fc2VudF9tc2dfY29sb3IiOiIjNGFlOGVhIiwiaGlkZV9vbl9zdWJtaXQiOiIxIiwicmVkaXJlY3Rfb25fc3VibWl0IjoiIiwiZW1haWxfZm9ybV9kYXRhX2FzX3RibCI6IjEiLCJ0ZXN0X2VtYWlsIjoiYXRpbGxhQGFrdGFyem11dGZhay5jb20iLCJzYXZlX2NvbnRhY3RzIjoiMSIsImV4cF9kZWxpbSI6IjsiLCJmYl9jb252ZXJ0X2Jhc2UiOiIiLCJmaWVsZF93cmFwcGVyIjoiPGRpdiBmaWVsZF9zaGVsbF9jbGFzc2VzIGZpZWxkX3NoZWxsX3N0eWxlcz5bZmllbGRdPFwvZGl2PiJ9LCJmaWVsZHMiOlt7ImJzX2NsYXNzX2lkIjoiNiIsIm5hbWUiOiJmaXJzdF9uYW1lIiwibGFiZWwiOiIiLCJwbGFjZWhvbGRlciI6IkZpcnN0IE5hbWUiLCJ2YWx1ZSI6IiIsImh0bWwiOiJ0ZXh0IiwibWFuZGF0b3J5IjoiMSIsIm1pbl9zaXplIjoiIiwibWF4X3NpemUiOiIiLCJhZGRfY2xhc3NlcyI6IiIsImFkZF9zdHlsZXMiOiIiLCJhZGRfYXR0ciI6IiIsInZuX29ubHlfbnVtYmVyIjoiMCIsInZuX29ubHlfbGV0dGVycyI6IjAiLCJ2bl9wYXR0ZXJuIjoiMCJ9LHsiYnNfY2xhc3NfaWQiOiI2IiwibmFtZSI6Imxhc3RfbmFtZSIsImxhYmVsIjoiIiwicGxhY2Vob2xkZXIiOiJMYXN0IE5hbWUiLCJ2YWx1ZSI6IiIsImh0bWwiOiJ0ZXh0IiwibWFuZGF0b3J5IjoiMCIsIm1pbl9zaXplIjoiIiwibWF4X3NpemUiOiIiLCJhZGRfY2xhc3NlcyI6IiIsImFkZF9zdHlsZXMiOiIiLCJhZGRfYXR0ciI6IiIsInZuX29ubHlfbnVtYmVyIjoiMCIsInZuX29ubHlfbGV0dGVycyI6IjAiLCJ2bl9wYXR0ZXJuIjoiMCJ9LHsiYnNfY2xhc3NfaWQiOiIxMiIsIm5hbWUiOiJlbWFpbCIsImxhYmVsIjoiIiwicGxhY2Vob2xkZXIiOiJFbWFpbCIsInZhbHVlIjoiIiwiaHRtbCI6ImVtYWlsIiwibWFuZGF0b3J5IjoiMSIsIm1pbl9zaXplIjoiIiwibWF4X3NpemUiOiIiLCJhZGRfY2xhc3NlcyI6IiIsImFkZF9zdHlsZXMiOiIiLCJhZGRfYXR0ciI6IiIsInZuX29ubHlfbnVtYmVyIjoiMCIsInZuX29ubHlfbGV0dGVycyI6IjAiLCJ2bl9wYXR0ZXJuIjoiMCJ9LHsiYnNfY2xhc3NfaWQiOiIxMiIsIm5hbWUiOiJzdWJqZWN0IiwibGFiZWwiOiIiLCJwbGFjZWhvbGRlciI6IlN1YmplY3QiLCJ2YWx1ZSI6IiIsImh0bWwiOiJ0ZXh0IiwibWFuZGF0b3J5IjoiMSIsIm1pbl9zaXplIjoiIiwibWF4X3NpemUiOiIiLCJhZGRfY2xhc3NlcyI6IiIsImFkZF9zdHlsZXMiOiIiLCJhZGRfYXR0ciI6IiIsInZuX29ubHlfbnVtYmVyIjoiMCIsInZuX29ubHlfbGV0dGVycyI6IjAiLCJ2bl9wYXR0ZXJuIjoiMCJ9LHsiYnNfY2xhc3NfaWQiOiIxMiIsIm5hbWUiOiJtZXNzYWdlIiwibGFiZWwiOiIiLCJwbGFjZWhvbGRlciI6Ik1lc3NhZ2UiLCJ2YWx1ZSI6IiIsImh0bWwiOiJ0ZXh0YXJlYSIsIm1hbmRhdG9yeSI6IjEiLCJtaW5fc2l6ZSI6IiIsIm1heF9zaXplIjoiIiwiYWRkX2NsYXNzZXMiOiIiLCJhZGRfc3R5bGVzIjoiIiwiYWRkX2F0dHIiOiIiLCJ2bl9vbmx5X251bWJlciI6IjAiLCJ2bl9vbmx5X2xldHRlcnMiOiIwIiwidm5fcGF0dGVybiI6IjAifSx7ImJzX2NsYXNzX2lkIjoiNiIsIm5hbWUiOiJzZW5kIiwibGFiZWwiOiJTZW5kIiwiaHRtbCI6InN1Ym1pdCIsImFkZF9jbGFzc2VzIjoiIiwiYWRkX3N0eWxlcyI6IiIsImFkZF9hdHRyIjoiIn0seyJic19jbGFzc19pZCI6IjYiLCJuYW1lIjoicmVzZXQiLCJsYWJlbCI6IlJlc2V0IiwiaHRtbCI6InJlc2V0IiwiYWRkX2NsYXNzZXMiOiIiLCJhZGRfc3R5bGVzIjoiIiwiYWRkX2F0dHIiOiIifV0sIm9wdHNfYXR0cnMiOnsiYmdfbnVtYmVyIjoiNCJ9fSwiaW1nX3ByZXZpZXciOiJzaW1wbGUtd2hpdGUucG5nIiwidmlld3MiOiIzNTc2IiwidW5pcXVlX3ZpZXdzIjoiMTc2OSIsImFjdGlvbnMiOiIxMCIsInNvcnRfb3JkZXIiOiI0IiwiaXNfcHJvIjoiMCIsImFiX2lkIjoiMCIsImRhdGVfY3JlYXRlZCI6IjIwMTYtMDUtMDMgMTU6MDE6MDMiLCJpbWdfcHJldmlld191cmwiOiJodHRwOlwvXC93d3cuYWt0YXJ6bXV0ZmFrLmNvbVwvc2l0ZVwvd3AtY29udGVudFwvcGx1Z2luc1wvY29udGFjdC1mb3JtLWJ5LXN1cHN5c3RpY1wvYXNzZXRzXC9mb3Jtc1wvaW1nXC9wcmV2aWV3XC9zaW1wbGUtd2hpdGUucG5nIiwidmlld19pZCI6IjExXzk3ODE4MCIsInZpZXdfaHRtbF9pZCI6ImNzcEZvcm1TaGVsbF8xMV85NzgxODAiLCJjb25uZWN0X2hhc2giOiIyMmY2NzAwZWIxMWE5Yjk3ZjNjOGMyODVjOTA0YjY2NiJ9<\/span><\/td>\n<\/tr>\n<\/tbody>\n<\/table>\n<\/div>\n<\/div>\n","protected":false},"excerpt":{"rendered":"<p>Showroom: S\u0131rr\u0131pa\u015fa Mah.T\u00fcnel sok. No:10&nbsp; At\u00f6lye : S\u0131rr\u0131pa\u015fa mah T\u00fcnel Sok. no 10 Derince&nbsp; Kocaeli TEL :0535 361 3641<\/p>\n","protected":false},"author":1,"featured_media":0,"parent":0,"menu_order":0,"comment_status":"closed","ping_status":"closed","template":"","meta":{"ngg_post_thumbnail":0,"footnotes":""},"class_list":["post-12","page","type-page","status-publish","hentry"],"_links":{"self":[{"href":"http:\/\/www.aktarzmutfak.com\/site\/wp-json\/wp\/v2\/pages\/12","targetHints":{"allow":["GET"]}}],"collection":[{"href":"http:\/\/www.aktarzmutfak.com\/site\/wp-json\/wp\/v2\/pages"}],"about":[{"href":"http:\/\/www.aktarzmutfak.com\/site\/wp-json\/wp\/v2\/types\/page"}],"author":[{"embeddable":true,"href":"http:\/\/www.aktarzmutfak.com\/site\/wp-json\/wp\/v2\/users\/1"}],"replies":[{"embeddable":true,"href":"http:\/\/www.aktarzmutfak.com\/site\/wp-json\/wp\/v2\/comments?post=12"}],"version-history":[{"count":38,"href":"http:\/\/www.aktarzmutfak.com\/site\/wp-json\/wp\/v2\/pages\/12\/revisions"}],"predecessor-version":[{"id":2243,"href":"http:\/\/www.aktarzmutfak.com\/site\/wp-json\/wp\/v2\/pages\/12\/revisions\/2243"}],"wp:attachment":[{"href":"http:\/\/www.aktarzmutfak.com\/site\/wp-json\/wp\/v2\/media?parent=12"}],"curies":[{"name":"wp","href":"https:\/\/api.w.org\/{rel}","templated":true}]}}