{"id":10,"date":"2018-02-05T04:47:28","date_gmt":"2018-02-05T04:47:28","guid":{"rendered":"http:\/\/www.aktarzmutfak.com\/site\/?page_id=10"},"modified":"2022-05-04T09:54:09","modified_gmt":"2022-05-04T09:54:09","slug":"hakkimizda","status":"publish","type":"page","link":"http:\/\/www.aktarzmutfak.com\/site\/hakkimizda\/","title":{"rendered":"Hakk\u0131m\u0131zda"},"content":{"rendered":"<style type=\"text\/css\"><span data-mce-type=\"bookmark\" style=\"display: inline-block; width: 0px; overflow: hidden; line-height: 0;\" class=\"mce_SELRES_start\">\ufeff<\/span><br \/>\n<!-- .style1 {font-size: 12px} --><br \/><\/style>\n<div class=\"style1\">\n<table border=\"0\" width=\"838\" cellspacing=\"5\" cellpadding=\"5\" bgcolor=\"#FFFFFF\">\n<tbody>\n<tr>\n<td colspan=\"2\">2010 y\u0131l\u0131nda Kocaeli Derince&#8217;de hizmet vermeye ba\u015flad\u0131k. Referanslar\u0131m\u0131z\u0131n aras\u0131nda kurumsal in\u015faat firmalar\u0131 da mevcuttur.Mutfak , banyo, tv \u00fcnitesi, ranza,yatak odas\u0131,gardrop, ayakkab\u0131l\u0131k,portmanto,ofis mobilyalar\u0131 imalat\u0131 ve montaj\u0131 hizmetlerimiz aras\u0131nda yer almaktad\u0131r.Ki\u015fiye \u00f6zel tasar\u0131mlar sunar\u0131z. komple tadilat i\u015flerimizle tek muhattap t\u00fcm tadilat<\/td>\n<\/tr>\n<tr>\n<td colspan=\"2\">\n<div align=\"center\"><img loading=\"lazy\" decoding=\"async\" class=\"alignnone wp-image-84\" src=\"http:\/\/www.aktarzmutfak.com\/site\/wp-content\/uploads\/2018\/02\/16003326_1257590814319601_7221398767317241666_n-300x225.jpg\" alt=\"\" width=\"453\" height=\"340\" srcset=\"http:\/\/www.aktarzmutfak.com\/site\/wp-content\/uploads\/2018\/02\/16003326_1257590814319601_7221398767317241666_n-300x225.jpg 300w, http:\/\/www.aktarzmutfak.com\/site\/wp-content\/uploads\/2018\/02\/16003326_1257590814319601_7221398767317241666_n-768x576.jpg 768w, http:\/\/www.aktarzmutfak.com\/site\/wp-content\/uploads\/2018\/02\/16003326_1257590814319601_7221398767317241666_n.jpg 960w\" sizes=\"auto, (max-width: 453px) 100vw, 453px\" \/><\/div>\n<\/td>\n<\/tr>\n<tr>\n<td colspan=\"2\">&nbsp;G\u00fcnl\u00fck imalat hacmimiz mutfak sistemi,tv \u00fcnitesi ve bir s\u00fcrg\u00fcl\u00fc dolap \u00fcretim kapasitesine sahibiz. Eviniz de ,montaj \u00f6ncesi tadilat i\u015flerini de yine biz \u00fcstleniyoruz.T\u00fcrkiye&#8217;^nin en iyi markalar\u0131n\u0131 kendimize i\u015f orta\u011f\u0131 olarak se\u00e7tik.Sonu\u00e7 odakl\u0131 olmakla beraber,yapt\u0131\u011f\u0131m\u0131z i\u015fin kalitesine de \u00f6nem veririz <a href=\"https:\/\/konopnamaszyna.pl\/produkt\/joint-cbd-cookie\/\">view<\/a>.<\/td>\n<\/tr>\n<tr>\n<td width=\"402\"><img loading=\"lazy\" decoding=\"async\" class=\"alignnone wp-image-75\" src=\"http:\/\/www.aktarzmutfak.com\/site\/wp-content\/uploads\/2018\/02\/12662716_987167684695250_1692535162399632353_n-300x225.jpg\" alt=\"\" width=\"399\" height=\"299\" srcset=\"http:\/\/www.aktarzmutfak.com\/site\/wp-content\/uploads\/2018\/02\/12662716_987167684695250_1692535162399632353_n-300x225.jpg 300w, http:\/\/www.aktarzmutfak.com\/site\/wp-content\/uploads\/2018\/02\/12662716_987167684695250_1692535162399632353_n-768x576.jpg 768w, http:\/\/www.aktarzmutfak.com\/site\/wp-content\/uploads\/2018\/02\/12662716_987167684695250_1692535162399632353_n.jpg 960w\" sizes=\"auto, (max-width: 399px) 100vw, 399px\" \/><\/td>\n<td width=\"401\">\n<div align=\"center\"><img loading=\"lazy\" decoding=\"async\" class=\"alignnone wp-image-77\" src=\"http:\/\/www.aktarzmutfak.com\/site\/wp-content\/uploads\/2018\/02\/12800316_1002995736445778_209330660604734369_n-300x225.jpg\" alt=\"\" width=\"399\" height=\"299\" srcset=\"http:\/\/www.aktarzmutfak.com\/site\/wp-content\/uploads\/2018\/02\/12800316_1002995736445778_209330660604734369_n-300x225.jpg 300w, http:\/\/www.aktarzmutfak.com\/site\/wp-content\/uploads\/2018\/02\/12800316_1002995736445778_209330660604734369_n-768x576.jpg 768w, http:\/\/www.aktarzmutfak.com\/site\/wp-content\/uploads\/2018\/02\/12800316_1002995736445778_209330660604734369_n.jpg 960w\" sizes=\"auto, (max-width: 399px) 100vw, 399px\" \/><\/div>\n<\/td>\n<\/tr>\n<tr>\n<td colspan=\"2\">\n<div align=\"center\"><img loading=\"lazy\" decoding=\"async\" class=\"alignnone wp-image-78\" src=\"http:\/\/www.aktarzmutfak.com\/site\/wp-content\/uploads\/2018\/02\/12829035_1002995739779111_5635068560367018956_o-300x92.jpg\" alt=\"\" width=\"518\" height=\"167\"><\/div>\n<\/td>\n<\/tr>\n<tr>\n<td colspan=\"2\">&nbsp;<\/td>\n<\/tr>\n<\/tbody>\n<\/table>\n<p>&nbsp;<\/p>\n<\/div>\n<div>\n<table>\n<tbody>\n<tr style=\"height: 89px;\">\n<td style=\"height: 89px;\">&nbsp;&nbsp;<\/p>\n<h2><span style=\"font-family: 'book antiqua', palatino, serif; font-size: 14pt;\">M\u00fckemmel yemek odas\u0131 ne demektir?<\/span><\/h2>\n<p><span style=\"font-family: 'book antiqua', palatino, serif; font-size: 14pt;\">Pek \u00e7ok insan i\u00e7in yemek odas\u0131 \u00e7ok \u00f6nemli bir yerdedir. Yemek odas\u0131 misafirlerin a\u011f\u0131rland\u0131\u011f\u0131 ya da mutlu aile yemeklerinin keyfine var\u0131ld\u0131\u011f\u0131 yerdir. Ev i\u00e7in bu kadar \u00f6nemli bi b\u00f6l\u00fcm olan yemek odas\u0131n\u0131n tasar\u0131m\u0131 da \u00e7ok \u00f6nemlidir. \u0130yi tasarlanm\u0131\u015f bir yemek odas\u0131 insana keyfi verir. \u0130yi tasarlanm\u0131\u015f bir yemek odas\u0131 i\u00e7in uygun bir alana sahip olundu\u011funa dikkat edilmelidir. Masay\u0131, sandalyeleri, ayd\u0131nlatma elemanlar\u0131n\u0131, konsollar\u0131, b\u00fcfeleri yerle\u015ftirirken alan en \u00f6nemli unsurdur. \u0130yi tasar\u0131mlar ayn\u0131 zamanda kusursuz bir uyuma da sahiptir. Tavan ayd\u0131nlatmas\u0131ndan zemin d\u00f6\u015femesine, masadan duvarlara kadar her \u015fey uyum i\u00e7inde olmal\u0131d\u0131r. Herkesin zevklerinin farkl\u0131l\u0131k g\u00f6sterece\u011fini bilmek de \u00f6nemlidir. M\u00fckemmel yemek odas\u0131 diye bir \u015fey yoktur. Say\u0131s\u0131z alternatifin aras\u0131nda ki\u015finin kendisine uygun g\u00f6rd\u00fc\u011f\u00fc yemek odas\u0131 onun i\u00e7in m\u00fckemmel yemek odas\u0131d\u0131r.&nbsp;&nbsp;<\/span><img loading=\"lazy\" decoding=\"async\" class=\"alignnone size-large wp-image-148\" src=\"http:\/\/www.aktarzmutfak.com\/site\/wp-content\/uploads\/2018\/02\/ScreenHunter_124-1024x681.jpg\" alt=\"\" width=\"700\" height=\"466\" srcset=\"http:\/\/www.aktarzmutfak.com\/site\/wp-content\/uploads\/2018\/02\/ScreenHunter_124-1024x681.jpg 1024w, http:\/\/www.aktarzmutfak.com\/site\/wp-content\/uploads\/2018\/02\/ScreenHunter_124-300x200.jpg 300w, http:\/\/www.aktarzmutfak.com\/site\/wp-content\/uploads\/2018\/02\/ScreenHunter_124-768x511.jpg 768w, http:\/\/www.aktarzmutfak.com\/site\/wp-content\/uploads\/2018\/02\/ScreenHunter_124.jpg 1025w\" sizes=\"auto, (max-width: 700px) 100vw, 700px\" \/><\/p>\n<h2><span style=\"font-family: 'book antiqua', palatino, serif; font-size: 14pt;\">Yemek odas\u0131 fikir ve ilhamlar\u0131&nbsp;<\/span><\/h2>\n<p><span style=\"font-family: 'book antiqua', palatino, serif; font-size: 14pt;\">Yepyeni bir yemek odas\u0131 dekore etmek i\u00e7in \u00e7ok isteklisiniz ama nereden bilgi ve ilham alaca\u011f\u0131n\u0131z\u0131 bilmiyor musunuz? homify do\u011fru yemek odas\u0131 tarz\u0131n\u0131z\u0131 se\u00e7menize yard\u0131mc\u0131 olacak en son i\u00e7 mekan tasar\u0131mlar\u0131n\u0131 yeni bir yolla sizlere sunuyor. homify\u2019\u0131n evin farkl\u0131 odalar\u0131 ve farkl\u0131 tarzlar aras\u0131nda gruplanm\u0131\u015f kataloguna g\u00f6z at\u0131n. Size ilham veren bir tasar\u0131m buldu\u011funuzda da onu kolay bir \u015fekilde yeni fikirlerinize kaydedin. B\u00f6ylece o tasar\u0131ma istedi\u011finiz zaman kolayca eri\u015fim sa\u011flayabilirsiniz. Tasar\u0131m\u0131n\u0131z ger\u00e7ekle\u015ftirme a\u015famas\u0131nda yeni fikirler katalogunuz elinizin hemen alt\u0131nda olacakt\u0131r. Yeni fikirlere kaydetti\u011finiz foto\u011fraflar \u00fczerinde notlar alabilmeniz de m\u00fcmk\u00fcn. B\u00f6ylece tasar\u0131mlarla ilgili ilk g\u00f6rd\u00fc\u011f\u00fcn\u00fcz andaki d\u00fc\u015f\u00fcncelerinizi unutmam\u0131\u015f olursunuz. homify sayesinde herkes ideal yemek odas\u0131n\u0131 yarat\u0131rken ho\u015funa giden t\u00fcm tasar\u0131m par\u00e7alar\u0131n\u0131 bir arada tutabilecek.&nbsp;&nbsp;<\/span><\/p>\n<p><img loading=\"lazy\" decoding=\"async\" class=\"alignnone size-large wp-image-150\" src=\"http:\/\/www.aktarzmutfak.com\/site\/wp-content\/uploads\/2018\/02\/ScreenHunter_126-1024x525.jpg\" alt=\"\" width=\"700\" height=\"359\" srcset=\"http:\/\/www.aktarzmutfak.com\/site\/wp-content\/uploads\/2018\/02\/ScreenHunter_126-1024x525.jpg 1024w, http:\/\/www.aktarzmutfak.com\/site\/wp-content\/uploads\/2018\/02\/ScreenHunter_126-300x154.jpg 300w, http:\/\/www.aktarzmutfak.com\/site\/wp-content\/uploads\/2018\/02\/ScreenHunter_126-768x393.jpg 768w, http:\/\/www.aktarzmutfak.com\/site\/wp-content\/uploads\/2018\/02\/ScreenHunter_126.jpg 1181w\" sizes=\"auto, (max-width: 700px) 100vw, 700px\" \/><\/p>\n<h2><span style=\"font-family: 'book antiqua', palatino, serif; font-size: 14pt;\">Yemek odas\u0131n\u0131 nas\u0131l dekore ederim?&nbsp;<\/span><\/h2>\n<p><span style=\"font-family: 'book antiqua', palatino, serif; font-size: 14pt;\">Yemek odas\u0131 tasar\u0131m\u0131 temel unsurlarla ba\u015flar. Oday\u0131 kim kullanacak ve odan\u0131n geni\u015fli\u011fi ne kadar sorular\u0131 ilk \u00f6nce sorulmas\u0131 gereken sorulard\u0131r. Bir seferde yeme\u011fe oturan ki\u015fi say\u0131s\u0131n\u0131 y\u00fckseltmek istiyorsan\u0131z duvar kenar\u0131na banklar d\u00fc\u015f\u00fcn\u00fcn ya da yemek odas\u0131 \u00e7ok k\u00fc\u00e7\u00fckse katlanabilir bir masa tercih edin. Bunlar\u0131 d\u00fc\u015f\u00fcn\u00fcrken renkleri d\u00fc\u015f\u00fcnmeyi de ihmal etmeyin. Yemek odas\u0131 davetkar, dinlendirici, bakmas\u0131 lezzetli ve yemek gelene kadar i\u00e7inde vakit ge\u00e7irmesi keyfili bir yer olmal\u0131. Parlak ve zengin renkler i\u015fe yarayabildi\u011fi gibi, s\u00f6n\u00fck ve a\u00e7\u0131k renkler de yemek odalar\u0131 i\u00e7in uygulanabilir. Bunun i\u00e7in \u00f6ncelikli olarak yemek odas\u0131nda yaratmak istedi\u011finiz havaya karar vermeniz gerek. Yemek odas\u0131n\u0131n eri\u015filebilir ve i\u00e7inde hareket edilebilir olmas\u0131na da dikkat edin. Misafirler hareket etmek istediklerinde, hareket serbestli\u011fine sahip olmalar\u0131 onlar\u0131 evinizde daha rahat hissetmelerini sa\u011flayacakt\u0131r. Ayr\u0131ca servis malzemelerinin yemek odas\u0131nda elinizin alt\u0131nda, ula\u015fabilece\u011finiz bir yerde olmas\u0131 da sizi durmadan mutfa\u011fa gitmekten kurtaracak \u00f6nemli bir ayr\u0131nt\u0131 olarak i\u015finize yarayacakt\u0131r. Yemek odas\u0131 i\u00e7in ideal tasar\u0131m elbetteki konfor ve tarz\u0131 birle\u015ftiren bir tasar\u0131m olacakt\u0131r.&nbsp;&nbsp;<\/span><img loading=\"lazy\" decoding=\"async\" class=\"alignnone size-large wp-image-151\" src=\"http:\/\/www.aktarzmutfak.com\/site\/wp-content\/uploads\/2018\/02\/ScreenHunter_127.jpg\" alt=\"\" width=\"700\" height=\"484\" srcset=\"http:\/\/www.aktarzmutfak.com\/site\/wp-content\/uploads\/2018\/02\/ScreenHunter_127.jpg 892w, http:\/\/www.aktarzmutfak.com\/site\/wp-content\/uploads\/2018\/02\/ScreenHunter_127-300x208.jpg 300w, http:\/\/www.aktarzmutfak.com\/site\/wp-content\/uploads\/2018\/02\/ScreenHunter_127-768x531.jpg 768w\" sizes=\"auto, (max-width: 700px) 100vw, 700px\" \/><\/p>\n<h2><span style=\"font-family: 'book antiqua', palatino, serif; font-size: 14pt;\">Yemek odas\u0131n\u0131 dekore ederken nelere dikkat etmeliyim?&nbsp;<\/span><\/h2>\n<p><span style=\"font-family: 'book antiqua', palatino, serif; font-size: 14pt;\">Yemek odas\u0131n\u0131 tasarlarken dikkat etmeniz gereken \u015feylerden biri ayd\u0131nlatmad\u0131r. Masa hem yemeklerin hem de servis malzemelerinin iyi ve estetik g\u00f6r\u00fcnmesi i\u00e7in \u00e7ok iyi bir bi\u00e7imde ayd\u0131nlat\u0131lmal\u0131d\u0131r. Ancak masa d\u0131\u015f\u0131ndaki b\u00f6l\u00fcmlerin \u00e7ok iyi ayd\u0131nlat\u0131lmas\u0131 \u00e7ok da \u015fart de\u011fildir. Bu y\u00fczden oda\u011f\u0131n masa oldu\u011fu bir ayd\u0131nlatma bi\u00e7imini tercih etmenizde fayda var. Yemek odas\u0131nda kullan\u0131lan malzeme de \u00e7ok \u00f6nemli. Yemek mobilyalar\u0131 g\u00fczel g\u00f6r\u00fcnmeli ancak uzun \u00f6m\u00fcrl\u00fc de olmal\u0131lar. \u00c7ocuklar yemek odas\u0131 mobilyas\u0131n\u0131n d\u00f6\u015femelerine zarar verir, \u00f6te yandan i\u00e7ecekler telafisi zor lekelere neden olabilir. Bu y\u00fczden uzun \u00f6m\u00fcrl\u00fcl\u00fc\u011f\u00fc sa\u011flamak i\u00e7in ah\u015fap ve kompozit malzeme gibi malzemeler tercih edin. K\u00fc\u00e7\u00fck dokunu\u015flar \u00e7\u0131plak bir oday\u0131, seyrine doyum olmaz bir mekana d\u00f6n\u00fc\u015ft\u00fcrebilir. Bu y\u00fczden, perdeler, \u00e7i\u00e7ekler ve s\u00fcslere de kafa yorun ama \u00e7ok da a\u015f\u0131r\u0131ya ka\u00e7may\u0131n. Yemek odas\u0131 dekorasyonuna karar verirken kendinize hakim olmak \u00f6nemli.&nbsp;&nbsp;<\/span><\/p>\n<h2><span style=\"font-family: 'book antiqua', palatino, serif; font-size: 14pt;\">Yemek odas\u0131 i\u00e7in hangi rengi tercih etmeli?&nbsp;<\/span><\/h2>\n<p><span style=\"font-family: 'book antiqua', palatino, serif; font-size: 14pt;\">En ba\u015far\u0131l\u0131 yemek odas\u0131 tasar\u0131mlar\u0131nda kontrastlar g\u00f6ze \u00e7arpar. Ho\u015f k\u0131rm\u0131z\u0131 ve mavi tonlar\u0131n beyaz tavanlarla birle\u015fimi ve ah\u015fap lambri ve sandalyelerin iskeletiyle uyumu ortaya nefis sonu\u00e7lar \u00e7\u0131karabilir. Minimalist ve modern yemek odalar\u0131 i\u00e7in saf beyaz ve krem rengi duvarlar \u00e7ok uygun bir se\u00e7imdir ancak bu renklerin steril g\u00f6r\u00fcnmek gibi bir de riski vard\u0131r. A\u00e7\u0131k renkler tercih etmi\u015fseniz, bu riski \u00f6nlemek i\u00e7in \u00e7i\u00e7ek aranjmanlar\u0131 gibi renkli eklemelerde bulunabilirsiniz. Bask\u0131n ve \u00e7ok \u00e7arp\u0131c\u0131 renklerden uzak durmaya \u00e7al\u0131\u015f\u0131n. Yemek yemek sakin bir zevktir ve se\u00e7kin bir ortam\u0131 gerektirir. \u0130yi tasarlanm\u0131\u015f bir yemek odas\u0131 misafirlerin rahat etmesini ve ortam\u0131n keyfini sonuna kadar \u00e7\u0131karmalar\u0131n\u0131 sa\u011flar.&nbsp;&nbsp;<\/span><\/p>\n<h2><span style=\"font-family: 'book antiqua', palatino, serif; font-size: 14pt;\">Yemek odas\u0131 dekorasyon t\u00fcyolar\u0131&nbsp;<\/span><\/h2>\n<p><span style=\"font-family: 'book antiqua', palatino, serif; font-size: 14pt;\">Dekorasyon, imzas\u0131z bir bo\u015f alanla iyi d\u00f6\u015fenmi\u015f ve detaylara sahip g\u00fczel bir oda aras\u0131ndaki farkt\u0131r. Bu y\u00fczden do\u011fru s\u00fcs koleksiyonu i\u00e7in biraz \u00e7aba harcamakta fayda var, \u00f6zellikle konumuz yemek odas\u0131 ise. Harika porselen yemek tak\u0131mlar\u0131n\u0131z ve estetik g\u00fcm\u00fc\u015f tepsilerinizi ve servis tak\u0131mlar\u0131n\u0131z varsa onlar\u0131 b\u00fcfede sergileyebilir ve bu koleksiyona \u00e7i\u00e7ekler, perdeler, ve sanat \u00fcr\u00fcnleriyle renkli katk\u0131larda bulunabilirsiniz. Duvar kap\u0131d\u0131 yemek odas\u0131 i\u00e7in daha fazla n\u00fcansa sahip olan bir oda yaratman\u0131za yard\u0131mc\u0131 olacakt\u0131r. Ayr\u0131ca duvar ka\u011f\u0131d\u0131yla kaplanm\u0131\u015f bir odada \u0131\u015f\u0131klardan olu\u015fan g\u00f6lgeler de odan\u0131n dekorasyonun de\u011fi\u015filmez bir par\u00e7as\u0131 haline gelecektir. Yemek masas\u0131n\u0131 da yeme\u011fin t\u00fcr\u00fcne g\u00f6re de\u011fi\u015ftirebilir yemek odas\u0131na ho\u015f bir katk\u0131da bulunabilirsiniz. Yemek masas\u0131 \u015f\u00fcphesiz romantik bir ak\u015fam yeme\u011finde farkl\u0131, s\u0131cak bir aile davetinde farkl\u0131 d\u00f6\u015fenecektir.&nbsp;&nbsp;<\/span><\/p>\n<p><img loading=\"lazy\" decoding=\"async\" class=\"alignnone size-large wp-image-149\" src=\"http:\/\/www.aktarzmutfak.com\/site\/wp-content\/uploads\/2018\/02\/ScreenHunter_125.jpg\" alt=\"\" width=\"700\" height=\"504\" srcset=\"http:\/\/www.aktarzmutfak.com\/site\/wp-content\/uploads\/2018\/02\/ScreenHunter_125.jpg 926w, http:\/\/www.aktarzmutfak.com\/site\/wp-content\/uploads\/2018\/02\/ScreenHunter_125-300x216.jpg 300w, http:\/\/www.aktarzmutfak.com\/site\/wp-content\/uploads\/2018\/02\/ScreenHunter_125-768x553.jpg 768w\" sizes=\"auto, (max-width: 700px) 100vw, 700px\" \/><\/p>\n<h2><span style=\"font-family: 'book antiqua', palatino, serif; font-size: 14pt;\">Yemek odas\u0131 mobilyas\u0131 al\u0131rken neler dikkat edilmeli?&nbsp;<\/span><\/h2>\n<p><span style=\"font-family: 'book antiqua', palatino, serif; font-size: 14pt;\">Yemek odas\u0131 mobilyas\u0131 elbette yemek odalar\u0131n\u0131n en \u00f6nemli unsurlar\u0131d\u0131r. Bu y\u00fczden ak\u0131ll\u0131ca bir se\u00e7imde bulunman\u0131z gerekir. Hem konforlu hem dayan\u0131kl\u0131 hem de \u00fczerine ne d\u00f6k\u00fcl\u00fcrse d\u00f6k\u00fcls\u00fcn temizlenebilecek sandalyeler de \u00f6nemli unsurlar. Ama t\u00fcm bu i\u015flevsel \u00f6zelliklerinin yan\u0131 s\u0131ra yemek odas\u0131 i\u00e7in se\u00e7ece\u011finiz sandalyeler ayn\u0131 zamanda estetik de olmal\u0131. Rustik tarzda bir yemek odas\u0131 d\u00f6\u015f\u00fcyorsan\u0131z sa\u011flam ah\u015fap sandalyeler ve oymal\u0131 ah\u015fap banklar \u00e7ok uygun olabilir ama tarz modern ise genellikle tercih edilen malzeme metal oluyor. Masa genelde ah\u015fap ya da cam y\u00fczeyli olmal\u0131 ve odan\u0131n ilgi oda\u011f\u0131 olacak kadar zarif olmas\u0131na \u00f6zen g\u00f6sterilmeli. B\u00f6yle s\u00f6yledik diye katlanabilir masalar\u0131n ya da kanatl\u0131 masalar\u0131n uygun olmad\u0131\u011f\u0131 fikrine kap\u0131lmay\u0131n. Elbette yeriniz darsa b\u00f6yle bir masay\u0131 da d\u00fc\u015f\u00fcnebilirsiniz.&nbsp;&nbsp;<\/span><\/p>\n<h2><span style=\"font-family: 'book antiqua', palatino, serif; font-size: 14pt;\">K\u00fc\u00e7\u00fck yemek odas\u0131 i\u00e7in dekorasyon fikirleri&nbsp;<\/span><\/h2>\n<p><span style=\"font-family: 'book antiqua', palatino, serif; font-size: 14pt;\">Evin di\u011fer t\u00fcm odalar\u0131nda oldu\u011fu gibi yemek odas\u0131n\u0131n k\u00fc\u00e7\u00fck olmas\u0131 tasar\u0131m i\u00e7in zorlay\u0131c\u0131 bir unsur. Ancak bu zorlu\u011fun \u00fcstesinden kolayca gelinebilir. Bir tak\u0131m kullan\u0131\u015fl\u0131 k\u00fc\u00e7\u00fck yemek odas\u0131 fikirleriyle ola\u011fan\u00fcst\u00fc bir oda yaratman\u0131z m\u00fcmk\u00fcn olabilir. \u0130lk \u00f6nce renk konusuyla ba\u015flamak istiyoruz. K\u00fc\u00e7\u00fck yemek odas\u0131 i\u00e7in a\u00e7\u0131k renkler ve tonlar kullan\u0131n ayn\u0131 zamanda yemek odas\u0131n\u0131 \u00e7ok iyi bir \u015fekilde ayd\u0131nlat\u0131n. Bu havadar ve ferah bir etki yaratacakt\u0131r. Bu taktik her zaman i\u015fe yarayan bir il\u00fczyon yarat\u0131r. Oturma plan\u0131n\u0131 da ak\u0131ll\u0131ca yaparsan\u0131z yer tasarrufu sa\u011flam\u0131\u015f olursunuz. Duvar kenarlar\u0131na yap\u0131lacak banklar yer tasarrufu sa\u011flar ve ekstra depolama alan\u0131 yarat\u0131r. Ayr\u0131ca yine katlanabilir masalar kullanmak yemek servis edilmeden \u00f6nce odada daha fazla yeri kullan\u0131ma a\u00e7ar. Duvar pervazlar\u0131 da duvar\u0131 daha y\u00fcksek g\u00f6stermeye yarar. Pervaz\u0131n iki taraf\u0131n\u0131 kontrast renklere boyarsan\u0131z duvar tek renkli bir duvara g\u00f6re daha uzun g\u00f6r\u00fcnecektir.&nbsp;&nbsp;<\/span><\/td>\n<\/tr>\n<\/tbody>\n<\/table>\n<\/div>\n<div>&nbsp;<\/div>\n<p>&nbsp;<\/p>\n","protected":false},"excerpt":{"rendered":"<p>2010 y\u0131l\u0131nda Kocaeli Derince&#8217;de hizmet vermeye ba\u015flad\u0131k. Referanslar\u0131m\u0131z\u0131n aras\u0131nda kurumsal in\u015faat firmalar\u0131 da mevcuttur.Mutfak , banyo, tv \u00fcnitesi, ranza,yatak odas\u0131,gardrop, ayakkab\u0131l\u0131k,portmanto,ofis mobilyalar\u0131 imalat\u0131 ve montaj\u0131 hizmetlerimiz aras\u0131nda yer almaktad\u0131r.Ki\u015fiye \u00f6zel tasar\u0131mlar sunar\u0131z. komple tadilat i\u015flerimizle tek muhattap t\u00fcm tadilat &nbsp;G\u00fcnl\u00fck imalat hacmimiz mutfak sistemi,tv \u00fcnitesi ve bir s\u00fcrg\u00fcl\u00fc dolap \u00fcretim kapasitesine sahibiz. Eviniz de ,montaj&#8230;<\/p>\n","protected":false},"author":1,"featured_media":0,"parent":0,"menu_order":0,"comment_status":"closed","ping_status":"closed","template":"","meta":{"ngg_post_thumbnail":0,"footnotes":""},"class_list":["post-10","page","type-page","status-publish","hentry"],"_links":{"self":[{"href":"http:\/\/www.aktarzmutfak.com\/site\/wp-json\/wp\/v2\/pages\/10","targetHints":{"allow":["GET"]}}],"collection":[{"href":"http:\/\/www.aktarzmutfak.com\/site\/wp-json\/wp\/v2\/pages"}],"about":[{"href":"http:\/\/www.aktarzmutfak.com\/site\/wp-json\/wp\/v2\/types\/page"}],"author":[{"embeddable":true,"href":"http:\/\/www.aktarzmutfak.com\/site\/wp-json\/wp\/v2\/users\/1"}],"replies":[{"embeddable":true,"href":"http:\/\/www.aktarzmutfak.com\/site\/wp-json\/wp\/v2\/comments?post=10"}],"version-history":[{"count":16,"href":"http:\/\/www.aktarzmutfak.com\/site\/wp-json\/wp\/v2\/pages\/10\/revisions"}],"predecessor-version":[{"id":1750,"href":"http:\/\/www.aktarzmutfak.com\/site\/wp-json\/wp\/v2\/pages\/10\/revisions\/1750"}],"wp:attachment":[{"href":"http:\/\/www.aktarzmutfak.com\/site\/wp-json\/wp\/v2\/media?parent=10"}],"curies":[{"name":"wp","href":"https:\/\/api.w.org\/{rel}","templated":true}]}}